{"id":468,"date":"2022-04-30T12:42:25","date_gmt":"2022-04-30T12:42:25","guid":{"rendered":"https:\/\/troisdorferfrauenchor.de\/?page_id=468"},"modified":"2023-08-20T10:34:41","modified_gmt":"2023-08-20T10:34:41","slug":"impressum","status":"publish","type":"page","link":"https:\/\/troisdorferfrauenchor.de\/home\/impressum\/","title":{"rendered":"Impressum"},"content":{"rendered":"\t\t<div data-elementor-type=\"wp-page\" data-elementor-id=\"468\" class=\"elementor elementor-468\">\n\t\t\t\t\t\t<section class=\"elementor-section elementor-top-section elementor-element elementor-element-6c9196d elementor-section-boxed elementor-section-height-default elementor-section-height-default\" data-id=\"6c9196d\" data-element_type=\"section\" data-e-type=\"section\">\n\t\t\t\t\t\t<div class=\"elementor-container elementor-column-gap-default\">\n\t\t\t\t\t<div class=\"elementor-column elementor-col-100 elementor-top-column elementor-element elementor-element-774a4d8\" data-id=\"774a4d8\" data-element_type=\"column\" data-e-type=\"column\">\n\t\t\t<div class=\"elementor-widget-wrap elementor-element-populated\">\n\t\t\t\t\t\t<div class=\"elementor-element elementor-element-b510835 elementor-widget elementor-widget-text-editor\" data-id=\"b510835\" data-element_type=\"widget\" data-e-type=\"widget\" data-widget_type=\"text-editor.default\">\n\t\t\t\t<div class=\"elementor-widget-container\">\n\t\t\t\t\t\t\t\t\t<h5 class=\"entry-title\">Impressum<\/h5><h5>Angaben gem\u00e4\u00df \u00a7 5 TMG:<\/h5><h5>Troisdorfer Frauenchor <em>FURORE<\/em> 1948 e.V.<br \/>Mondorfer Stra\u00dfe 56<br \/>53844 Troisdorf<\/h5><h5>Vertreten durch:<\/h5><h5>Frau Claudia Kramer &#8211; Gesch\u00e4ftsf\u00fchrerin<\/h5><h5>Kontakt:<\/h5><table><tbody><tr><td><h5>Telefon:<\/h5><\/td><td>\u00a0<\/td><\/tr><tr><td><h5>E-Mail:<\/h5><\/td><td><h5>leitungsteam@troisdorferfrauenchor.de<\/h5><\/td><\/tr><\/tbody><\/table><h5>Registereintrag:<\/h5><h5>Eintragung im Vereinsregister.<br \/>Registergericht: Amtsgericht Siegburg <br \/>Registernummer: VR 1340<\/h5><h5>Verantwortlich f\u00fcr den Inhalt nach \u00a7 55 Abs. 2 RStV:<\/h5><hr \/><hr \/><h5 class=\"entry-content\">Claudia Kramer<\/h5><h5 class=\"entry-content\">Mondorfer Stra\u00dfe 56<\/h5><h5 class=\"entry-content\">53844 Troisdorf<\/h5><h5>\u00a0<\/h5><h5 class=\"entry-content\">\u00a0<\/h5><h5>Haftungsausschluss:<\/h5><h5>Haftung f\u00fcr Inhalte<\/h5><h5>Die Inhalte unserer Seiten wurden mit gr\u00f6\u00dfter Sorgfalt erstellt.\u00a0F\u00fcr die Richtigkeit, Vollst\u00e4ndigkeit und Aktualit\u00e4t der Inhalte\u00a0k\u00f6nnen wir jedoch keine Gew\u00e4hr \u00fcbernehmen. Als Diensteanbieter sind wir gem\u00e4\u00df \u00a7 7 Abs.1 TMG f\u00fcr\u00a0eigene Inhalte auf diesen Seiten nach den allgemeinen Gesetzen verantwortlich.\u00a0Nach \u00a7\u00a7 8 bis 10 TMG sind wir als Diensteanbieter jedoch nicht\u00a0verpflichtet, \u00fcbermittelte oder gespeicherte fremde Informationen zu\u00a0\u00fcberwachen oder nach Umst\u00e4nden zu forschen, die auf eine rechtswidrige\u00a0T\u00e4tigkeit hinweisen. Verpflichtungen zur Entfernung oder Sperrung der<br \/>Nutzung von Informationen nach den allgemeinen Gesetzen bleiben hiervon\u00a0unber\u00fchrt. Eine diesbez\u00fcgliche Haftung ist jedoch erst ab dem\u00a0Zeitpunkt der Kenntnis einer konkreten Rechtsverletzung m\u00f6glich. Bei\u00a0Bekanntwerden von entsprechenden Rechtsverletzungen werden wir diese Inhalte\u00a0umgehend entfernen.<\/h5><h5>Haftung f\u00fcr Links<\/h5><h5>Unser Angebot enth\u00e4lt Links zu externen Webseiten Dritter, auf deren\u00a0Inhalte wir keinen Einfluss haben. Deshalb k\u00f6nnen wir f\u00fcr diese\u00a0fremden Inhalte auch keine Gew\u00e4hr \u00fcbernehmen. F\u00fcr die Inhalte\u00a0der verlinkten Seiten ist stets der jeweilige Anbieter oder Betreiber der\u00a0Seiten verantwortlich. Die verlinkten Seiten wurden zum Zeitpunkt der Verlinkung\u00a0auf m\u00f6gliche Rechtsverst\u00f6\u00dfe \u00fcberpr\u00fcft. Rechtswidrige\u00a0Inhalte waren zum Zeitpunkt der Verlinkung nicht erkennbar. Eine permanente\u00a0inhaltliche Kontrolle der verlinkten Seiten ist jedoch ohne konkrete Anhaltspunkte\u00a0einer Rechtsverletzung nicht zumutbar. Bei Bekanntwerden von Rechtsverletzungen\u00a0werden wir derartige Links umgehend entfernen.<\/h5><h5>Urheberrecht<\/h5><h5>Die durch die Seitenbetreiber erstellten Inhalte und Werke auf diesen Seiten\u00a0unterliegen dem deutschen Urheberrecht. Die Vervielf\u00e4ltigung, Bearbeitung, Verbreitung und\u00a0jede Art der Verwertung au\u00dferhalb der Grenzen des Urheberrechtes bed\u00fcrfen\u00a0der schriftlichen Zustimmung des jeweiligen Autors bzw. Erstellers. Downloads\u00a0und Kopien dieser Seite sind nur f\u00fcr den privaten, nicht kommerziellen\u00a0Gebrauch gestattet. Soweit die Inhalte auf dieser Seite nicht vom Betreiber erstellt wurden,\u00a0werden die Urheberrechte Dritter beachtet. Insbesondere werden Inhalte Dritter als solche\u00a0gekennzeichnet. Sollten Sie trotzdem auf eine Urheberrechtsverletzung aufmerksam werden, bitten wir um einen entsprechenden Hinweis.<br \/>Bei Bekanntwerden von Rechtsverletzungen werden wir derartige Inhalte umgehend entfernen.<\/h5><h5>Datenschutz<\/h5><h5>Die Nutzung unserer Webseite ist in der Regel ohne Angabe personenbezogener Daten m\u00f6glich. Soweit auf unseren Seiten personenbezogene Daten (beispielsweise Name,\u00a0Anschrift oder eMail-Adressen) erhoben werden, erfolgt dies, soweit m\u00f6glich, stets auf freiwilliger Basis. Diese Daten werden ohne Ihre ausdr\u00fcckliche Zustimmung nicht an Dritte weitergegeben.<\/h5><h5>Wir weisen darauf hin, dass die Daten\u00fcbertragung im Internet (z.B.\u00a0bei der Kommunikation per E-Mail) Sicherheitsl\u00fccken aufweisen kann.\u00a0Ein l\u00fcckenloser Schutz der Daten vor dem Zugriff durch Dritte ist nicht\u00a0m\u00f6glich.<\/h5><h5>Der Nutzung von im Rahmen der Impressumspflicht ver\u00f6ffentlichten Kontaktdaten\u00a0durch Dritte zur \u00dcbersendung von nicht ausdr\u00fccklich angeforderter\u00a0Werbung und Informationsmaterialien wird hiermit ausdr\u00fccklich widersprochen.\u00a0Die Betreiber der Seiten behalten sich ausdr\u00fccklich rechtliche Schritte\u00a0im Falle der unverlangten Zusendung von Werbeinformationen, etwa durch Spam-Mails,\u00a0vor.<\/h5><h5>Datenschutzerkl\u00e4rung f\u00fcr die Nutzung von Facebook-Plugins<br \/>(Like-Button)<\/h5><h5>Auf unseren Seiten sind Plugins des sozialen Netzwerks Facebook,\u00a01601 South California Avenue, Palo Alto, CA 94304, USA integriert.\u00a0Die Facebook-Plugins erkennen Sie an dem Facebook-Logo oder\u00a0dem \u201eLike-Button\u201c (\u201eGef\u00e4llt mir\u201c) auf unserer Seite. Eine \u00dcbersicht\u00a0\u00fcber die Facebook-Plugins finden Sie hier:\u00a0<a href=\"http:\/\/developers.facebook.com\/docs\/plugins\/\" target=\"_blank\" rel=\"noopener noreferrer\">http:\/\/developers.facebook.com\/docs\/plugins\/<\/a>.<\/h5><h5>Wenn Sie unsere Seiten\u00a0besuchen, wird \u00fcber das Plugin eine direkte Verbindung zwischen Ihrem\u00a0Browser und dem Facebook-Server hergestellt. Facebook erh\u00e4lt dadurch\u00a0die Information, dass Sie mit Ihrer IP-Adresse unsere Seite\u00a0besucht haben. Wenn Sie den Facebook \u201eLike-Button\u201c anklicken w\u00e4hrend\u00a0Sie in Ihrem Facebook-Account eingeloggt sind, k\u00f6nnen Sie die Inhalte\u00a0unserer Seiten auf Ihrem Facebook-Profil verlinken. Dadurch kann\u00a0Facebook den Besuch unserer Seiten Ihrem Benutzerkonto zuordnen. Wir\u00a0weisen darauf hin, dass wir als Anbieter der Seiten keine Kenntnis vom\u00a0Inhalt der \u00fcbermittelten Daten sowie deren Nutzung durch Facebook\u00a0erhalten. Weitere Informationen hierzu finden Sie in der\u00a0Datenschutzerkl\u00e4rung von facebook unter\u00a0<a href=\"http:\/\/de-de.facebook.com\/policy.php\" target=\"_blank\" rel=\"noopener noreferrer\">http:\/\/de-de.facebook.com\/policy.php<\/a><\/h5><h5>Wenn Sie nicht w\u00fcnschen, dass Facebook den Besuch unserer Seiten Ihrem\u00a0Facebook-Nutzerkonto zuordnen kann, loggen Sie sich bitte aus Ihrem\u00a0Facebook-Benutzerkonto aus.<\/h5><h5>Datenschutzerkl\u00e4rung f\u00fcr die Nutzung von Google Analytics<\/h5><h5>Diese Website benutzt Google Analytics, einen Webanalysedienst der\u00a0Google Inc. (\u201eGoogle\u201c). Google Analytics verwendet sog.\u00a0\u201eCookies\u201c, Textdateien, die auf Ihrem Computer gespeichert\u00a0werden und die eine Analyse der Benutzung der Website durch Sie\u00a0erm\u00f6glicht. Die durch den Cookie erzeugten Informationen \u00fcber Ihre\u00a0Benutzung dieser Website (einschlie\u00dflich Ihrer IP-Adresse) wird an einen\u00a0Server von Google in den USA \u00fcbertragen und dort gespeichert.<\/h5><h5>Google wird diese Informationen benutzen, um Ihre Nutzung der Website\u00a0auszuwerten, um Reports \u00fcber die Websiteaktivit\u00e4ten f\u00fcr die\u00a0Websitebetreiber zusammenzustellen und um weitere mit der Websitenutzung\u00a0und der Internetnutzung verbundene \u00a0Dienstleistungen zu erbringen.<br \/>Auch wird Google diese Informationen gegebenenfalls an Dritte \u00fcbertragen,\u00a0sofern dies gesetzlich vorgeschrieben ist oder soweit Dritte diese Daten\u00a0im Auftrag von Google verarbeiten. Google wird in keinem Fall Ihre\u00a0IP-Adresse mit anderen Daten der Google Inc. in Verbindung bringen.<\/h5><h5>Sie k\u00f6nnen die Installation der Cookies durch eine entsprechende\u00a0Einstellung Ihrer Browser Software verhindern; wir weisen Sie jedoch\u00a0darauf hin, dass Sie in diesem Fall gegebenenfalls nicht s\u00e4mtliche\u00a0Funktionen dieser Website voll umf\u00e4nglich nutzen k\u00f6nnen. Durch die\u00a0Nutzung dieser Website erkl\u00e4ren Sie sich mit der Bearbeitung der \u00fcber\u00a0Sie erhobenen Daten durch Google in der zuvor beschriebenen Art und\u00a0Weise und zu dem zuvor benannten Zweck einverstanden.<\/h5><h5><em>Quellverweis:\u00a0<a href=\"http:\/\/www.e-recht24.de\/muster-disclaimer.htm\" target=\"_blank\" rel=\"noopener noreferrer\">Disclaimer eRecht24<\/a>,\u00a0<a href=\"http:\/\/www.e-recht24.de\/artikel\/datenschutz\/6590-facebook-like-button-datenschutz-disclaimer.html\" target=\"_blank\" rel=\"noopener noreferrer\">eRecht24 Facebook Datenschutzerkl\u00e4rung<\/a>,\u00a0<a href=\"http:\/\/www.google.com\/intl\/de_ALL\/analytics\/tos.html\" target=\"_blank\" rel=\"noopener noreferrer\">Google Analytics Datenschutzerkl\u00e4rung<\/a><\/em><\/h5><h5>Quelle:\u00a0<em>Erstellt durch den\u00a0<a href=\"http:\/\/www.e-recht24.de\/news\/haftunginhalte\/6520-impressum-eingetragener-verein-ev.html\" target=\"_blank\" rel=\"noopener noreferrer\">Impressum-Generator f\u00fcr eingetragene Vereine (e. V.)<\/a>\u00a0von e-recht24.de.<\/em><\/h5>\t\t\t\t\t\t\t\t<\/div>\n\t\t\t\t<\/div>\n\t\t\t\t\t<\/div>\n\t\t<\/div>\n\t\t\t\t\t<\/div>\n\t\t<\/section>\n\t\t\t\t<\/div>\n\t\t","protected":false},"excerpt":{"rendered":"<p>Impressum Angaben gem\u00e4\u00df \u00a7 5 TMG: Troisdorfer Frauenchor FURORE 1948 e.V.Mondorfer Stra\u00dfe 5653844 Troisdorf Vertreten durch: Frau Claudia Kramer &#8211; Gesch\u00e4ftsf\u00fchrerin Kontakt: Telefon: \u00a0 E-Mail: leitungsteam@troisdorferfrauenchor.de Registereintrag: Eintragung im Vereinsregister.Registergericht: [&hellip;]<\/p>\n","protected":false},"author":2,"featured_media":0,"parent":0,"menu_order":0,"comment_status":"closed","ping_status":"closed","template":"","meta":{"site-sidebar-layout":"no-sidebar","site-content-layout":"page-builder","ast-site-content-layout":"default","site-content-style":"default","site-sidebar-style":"default","ast-global-header-display":"","ast-banner-title-visibility":"","ast-main-header-display":"","ast-hfb-above-header-display":"","ast-hfb-below-header-display":"","ast-hfb-mobile-header-display":"","site-post-title":"disabled","ast-breadcrumbs-content":"","ast-featured-img":"disabled","footer-sml-layout":"","ast-disable-related-posts":"","theme-transparent-header-meta":"","adv-header-id-meta":"","stick-header-meta":"","header-above-stick-meta":"","header-main-stick-meta":"","header-below-stick-meta":"","astra-migrate-meta-layouts":"default","ast-page-background-enabled":"default","ast-page-background-meta":{"desktop":{"background-color":"var(--ast-global-color-4)","background-image":"","background-repeat":"repeat","background-position":"center center","background-size":"auto","background-attachment":"scroll","background-type":"","background-media":"","overlay-type":"","overlay-color":"","overlay-opacity":"","overlay-gradient":""},"tablet":{"background-color":"","background-image":"","background-repeat":"repeat","background-position":"center center","background-size":"auto","background-attachment":"scroll","background-type":"","background-media":"","overlay-type":"","overlay-color":"","overlay-opacity":"","overlay-gradient":""},"mobile":{"background-color":"","background-image":"","background-repeat":"repeat","background-position":"center center","background-size":"auto","background-attachment":"scroll","background-type":"","background-media":"","overlay-type":"","overlay-color":"","overlay-opacity":"","overlay-gradient":""}},"ast-content-background-meta":{"desktop":{"background-color":"var(--ast-global-color-5)","background-image":"","background-repeat":"repeat","background-position":"center center","background-size":"auto","background-attachment":"scroll","background-type":"","background-media":"","overlay-type":"","overlay-color":"","overlay-opacity":"","overlay-gradient":""},"tablet":{"background-color":"var(--ast-global-color-5)","background-image":"","background-repeat":"repeat","background-position":"center center","background-size":"auto","background-attachment":"scroll","background-type":"","background-media":"","overlay-type":"","overlay-color":"","overlay-opacity":"","overlay-gradient":""},"mobile":{"background-color":"var(--ast-global-color-5)","background-image":"","background-repeat":"repeat","background-position":"center center","background-size":"auto","background-attachment":"scroll","background-type":"","background-media":"","overlay-type":"","overlay-color":"","overlay-opacity":"","overlay-gradient":""}},"footnotes":""},"class_list":["post-468","page","type-page","status-publish","hentry"],"_links":{"self":[{"href":"https:\/\/troisdorferfrauenchor.de\/home\/wp-json\/wp\/v2\/pages\/468","targetHints":{"allow":["GET"]}}],"collection":[{"href":"https:\/\/troisdorferfrauenchor.de\/home\/wp-json\/wp\/v2\/pages"}],"about":[{"href":"https:\/\/troisdorferfrauenchor.de\/home\/wp-json\/wp\/v2\/types\/page"}],"author":[{"embeddable":true,"href":"https:\/\/troisdorferfrauenchor.de\/home\/wp-json\/wp\/v2\/users\/2"}],"replies":[{"embeddable":true,"href":"https:\/\/troisdorferfrauenchor.de\/home\/wp-json\/wp\/v2\/comments?post=468"}],"version-history":[{"count":19,"href":"https:\/\/troisdorferfrauenchor.de\/home\/wp-json\/wp\/v2\/pages\/468\/revisions"}],"predecessor-version":[{"id":3569,"href":"https:\/\/troisdorferfrauenchor.de\/home\/wp-json\/wp\/v2\/pages\/468\/revisions\/3569"}],"wp:attachment":[{"href":"https:\/\/troisdorferfrauenchor.de\/home\/wp-json\/wp\/v2\/media?parent=468"}],"curies":[{"name":"wp","href":"https:\/\/api.w.org\/{rel}","templated":true}]}}