{"id":444,"date":"2022-04-30T12:26:29","date_gmt":"2022-04-30T12:26:29","guid":{"rendered":"https:\/\/troisdorferfrauenchor.de\/?page_id=444"},"modified":"2026-03-29T13:03:54","modified_gmt":"2026-03-29T13:03:54","slug":"wer-sind-wir","status":"publish","type":"page","link":"https:\/\/troisdorferfrauenchor.de\/home\/wer-sind-wir\/","title":{"rendered":"Wer sind wir?"},"content":{"rendered":"\t\t<div data-elementor-type=\"wp-page\" data-elementor-id=\"444\" class=\"elementor elementor-444\">\n\t\t\t\t\t\t<section class=\"elementor-section elementor-top-section elementor-element elementor-element-ac87e6c elementor-section-boxed elementor-section-height-default elementor-section-height-default\" data-id=\"ac87e6c\" data-element_type=\"section\" data-e-type=\"section\">\n\t\t\t\t\t\t<div class=\"elementor-container elementor-column-gap-default\">\n\t\t\t\t\t<div class=\"elementor-column elementor-col-100 elementor-top-column elementor-element elementor-element-6c5c26b\" data-id=\"6c5c26b\" data-element_type=\"column\" data-e-type=\"column\">\n\t\t\t<div class=\"elementor-widget-wrap elementor-element-populated\">\n\t\t\t\t\t\t<div class=\"elementor-element elementor-element-264e538 elementor-widget elementor-widget-text-editor\" data-id=\"264e538\" data-element_type=\"widget\" data-e-type=\"widget\" data-widget_type=\"text-editor.default\">\n\t\t\t\t<div class=\"elementor-widget-container\">\n\t\t\t\t\t\t\t\t\t<h3 style=\"text-align: center;\"><span style=\"color: #000000;\">Willkommen auf der Seite des Troisdorfer Frauenchor <em>FURORE <\/em>1948 e. V.<\/span><\/h3>\t\t\t\t\t\t\t\t<\/div>\n\t\t\t\t<\/div>\n\t\t\t\t<div class=\"elementor-element elementor-element-abb1ead elementor-widget elementor-widget-text-editor\" data-id=\"abb1ead\" data-element_type=\"widget\" data-e-type=\"widget\" data-widget_type=\"text-editor.default\">\n\t\t\t\t<div class=\"elementor-widget-container\">\n\t\t\t\t\t\t\t\t\t<p>Wir sind eine fr\u00f6hliche Gruppe von Frauen unterschiedlichen Alters, die gerne singen.<\/p><p>Die Musikst\u00fccke sind mehrstimmig und werden unter der Leitung von Herrn Wolfram Kastorp intensiv einstudiert.<\/p><p>Ein wichtiger Part sind Atem\u00fcbungen und Stimmbildung.<\/p><p>Mit gro\u00dfer Freude proben wir f\u00fcr unsere j\u00e4hrlichen Fr\u00fchjahrskonzerte, welche in der Stadthalle Troisdorf stattfinden, sowie f\u00fcr die Mitwirkung bei chorischen Veranstaltungen.<\/p><p>\u00a0<\/p>\t\t\t\t\t\t\t\t<\/div>\n\t\t\t\t<\/div>\n\t\t\t\t<div class=\"elementor-element elementor-element-bcaa83e elementor-widget elementor-widget-text-editor\" data-id=\"bcaa83e\" data-element_type=\"widget\" data-e-type=\"widget\" data-widget_type=\"text-editor.default\">\n\t\t\t\t<div class=\"elementor-widget-container\">\n\t\t\t\t\t\t\t\t\t<p><span style=\"color: #000000;\">Unser Repertoire ist sehr vielseitig, von Klassik bis zur Moderne ist alles dabei. <br \/><\/span><\/p><p><span style=\"color: #000000;\">Wenn Sie neugierig geworden sind und uns gerne kennenlernen m\u00f6chten, sind Sie herzlich willkommen.<\/span><\/p><p><span style=\"color: #000000;\">Wir proben jeden Dienstag in der Zeit von 19.30 Uhr bis 21.30 Uhr in der Aula der Rupert-Neudeck-Schule, <\/span><\/p><p><span style=\"color: #000000;\">Gemeinschaftshauptschule der Stadt Troisdorf, <\/span><span style=\"color: #000000;\">Lohmarer Stra\u00dfe 33 (Eingang von der Marmorstra\u00dfe aus), 53840 Troisdorf.<\/span><\/p><p><span style=\"color: #000000;\">Chorerfahrung w\u00e4re vorteilhaft, ist aber nicht zwingend erforderlich; ein Vorsingen ist nicht n\u00f6tig. Wir freuen uns auf Sie.<\/span><\/p><p><span style=\"color: #000000;\">Sie k\u00f6nnen sich kurzfristig \u00fcber unser Kontaktformular anmelden.<\/span><\/p>\t\t\t\t\t\t\t\t<\/div>\n\t\t\t\t<\/div>\n\t\t\t\t<div class=\"elementor-element elementor-element-7c64833 elementor-widget elementor-widget-image\" data-id=\"7c64833\" data-element_type=\"widget\" data-e-type=\"widget\" data-widget_type=\"image.default\">\n\t\t\t\t<div class=\"elementor-widget-container\">\n\t\t\t\t\t\t\t\t\t\t\t\t\t\t\t<img fetchpriority=\"high\" decoding=\"async\" width=\"300\" height=\"227\" src=\"https:\/\/troisdorferfrauenchor.de\/wp-content\/uploads\/2025\/09\/Chor-2025-transparent-300x227.png\" class=\"attachment-medium size-medium wp-image-6150\" alt=\"\" srcset=\"https:\/\/troisdorferfrauenchor.de\/wp-content\/uploads\/2025\/09\/Chor-2025-transparent-300x227.png 300w, https:\/\/troisdorferfrauenchor.de\/wp-content\/uploads\/2025\/09\/Chor-2025-transparent-1024x776.png 1024w, https:\/\/troisdorferfrauenchor.de\/wp-content\/uploads\/2025\/09\/Chor-2025-transparent-768x582.png 768w, https:\/\/troisdorferfrauenchor.de\/wp-content\/uploads\/2025\/09\/Chor-2025-transparent-1536x1163.png 1536w, https:\/\/troisdorferfrauenchor.de\/wp-content\/uploads\/2025\/09\/Chor-2025-transparent-2048x1551.png 2048w\" sizes=\"(max-width: 300px) 100vw, 300px\" \/>\t\t\t\t\t\t\t\t\t\t\t\t\t\t\t<\/div>\n\t\t\t\t<\/div>\n\t\t\t\t\t<\/div>\n\t\t<\/div>\n\t\t\t\t\t<\/div>\n\t\t<\/section>\n\t\t\t\t<\/div>\n\t\t","protected":false},"excerpt":{"rendered":"<p>Willkommen auf der Seite des Troisdorfer Frauenchor FURORE 1948 e. V. Wir sind eine fr\u00f6hliche Gruppe von Frauen unterschiedlichen Alters, die gerne singen. Die Musikst\u00fccke sind mehrstimmig und werden unter [&hellip;]<\/p>\n","protected":false},"author":1,"featured_media":0,"parent":0,"menu_order":0,"comment_status":"closed","ping_status":"closed","template":"","meta":{"site-sidebar-layout":"no-sidebar","site-content-layout":"page-builder","ast-site-content-layout":"default","site-content-style":"default","site-sidebar-style":"default","ast-global-header-display":"","ast-banner-title-visibility":"","ast-main-header-display":"","ast-hfb-above-header-display":"","ast-hfb-below-header-display":"","ast-hfb-mobile-header-display":"","site-post-title":"disabled","ast-breadcrumbs-content":"","ast-featured-img":"disabled","footer-sml-layout":"","ast-disable-related-posts":"","theme-transparent-header-meta":"","adv-header-id-meta":"","stick-header-meta":"","header-above-stick-meta":"","header-main-stick-meta":"","header-below-stick-meta":"","astra-migrate-meta-layouts":"default","ast-page-background-enabled":"default","ast-page-background-meta":{"desktop":{"background-color":"var(--ast-global-color-4)","background-image":"","background-repeat":"repeat","background-position":"center center","background-size":"auto","background-attachment":"scroll","background-type":"","background-media":"","overlay-type":"","overlay-color":"","overlay-opacity":"","overlay-gradient":""},"tablet":{"background-color":"","background-image":"","background-repeat":"repeat","background-position":"center center","background-size":"auto","background-attachment":"scroll","background-type":"","background-media":"","overlay-type":"","overlay-color":"","overlay-opacity":"","overlay-gradient":""},"mobile":{"background-color":"","background-image":"","background-repeat":"repeat","background-position":"center center","background-size":"auto","background-attachment":"scroll","background-type":"","background-media":"","overlay-type":"","overlay-color":"","overlay-opacity":"","overlay-gradient":""}},"ast-content-background-meta":{"desktop":{"background-color":"var(--ast-global-color-5)","background-image":"","background-repeat":"repeat","background-position":"center center","background-size":"auto","background-attachment":"scroll","background-type":"","background-media":"","overlay-type":"","overlay-color":"","overlay-opacity":"","overlay-gradient":""},"tablet":{"background-color":"var(--ast-global-color-5)","background-image":"","background-repeat":"repeat","background-position":"center center","background-size":"auto","background-attachment":"scroll","background-type":"","background-media":"","overlay-type":"","overlay-color":"","overlay-opacity":"","overlay-gradient":""},"mobile":{"background-color":"var(--ast-global-color-5)","background-image":"","background-repeat":"repeat","background-position":"center center","background-size":"auto","background-attachment":"scroll","background-type":"","background-media":"","overlay-type":"","overlay-color":"","overlay-opacity":"","overlay-gradient":""}},"footnotes":""},"class_list":["post-444","page","type-page","status-publish","hentry"],"_links":{"self":[{"href":"https:\/\/troisdorferfrauenchor.de\/home\/wp-json\/wp\/v2\/pages\/444","targetHints":{"allow":["GET"]}}],"collection":[{"href":"https:\/\/troisdorferfrauenchor.de\/home\/wp-json\/wp\/v2\/pages"}],"about":[{"href":"https:\/\/troisdorferfrauenchor.de\/home\/wp-json\/wp\/v2\/types\/page"}],"author":[{"embeddable":true,"href":"https:\/\/troisdorferfrauenchor.de\/home\/wp-json\/wp\/v2\/users\/1"}],"replies":[{"embeddable":true,"href":"https:\/\/troisdorferfrauenchor.de\/home\/wp-json\/wp\/v2\/comments?post=444"}],"version-history":[{"count":170,"href":"https:\/\/troisdorferfrauenchor.de\/home\/wp-json\/wp\/v2\/pages\/444\/revisions"}],"predecessor-version":[{"id":6545,"href":"https:\/\/troisdorferfrauenchor.de\/home\/wp-json\/wp\/v2\/pages\/444\/revisions\/6545"}],"wp:attachment":[{"href":"https:\/\/troisdorferfrauenchor.de\/home\/wp-json\/wp\/v2\/media?parent=444"}],"curies":[{"name":"wp","href":"https:\/\/api.w.org\/{rel}","templated":true}]}}